{"id":68,"date":"2017-04-29T01:02:27","date_gmt":"2017-04-28T23:02:27","guid":{"rendered":"http:\/\/www.autoserwis-wieczorek.pl\/?page_id=68"},"modified":"2017-04-30T01:14:47","modified_gmt":"2017-04-29T23:14:47","slug":"naprawa-ukladow","status":"publish","type":"page","link":"https:\/\/www.autoserwis-wieczorek.pl\/index.php\/naprawa-ukladow\/","title":{"rendered":"naprawa uk\u0142ad\u00f3w elektrycznych"},"content":{"rendered":"<p>Elektryka i elektronika kt\u00f3ra znajduje si\u0119 w nowoczesnych pojazdach potrafi uniemo\u017cliwi\u0107 sprawne i bezpieczne poruszanie si\u0119 pojazdem. Pomimo \u017ce nie jeste\u015bmy zak\u0142adem elektormechaniki samochodowej \u015bwiadczymy us\u0142ugi w zakresie:<\/p>\n<ul>\n<li>alarmy, immobilisery i adaptacja kluczyk\u00f3w<\/li>\n<li>naprawy i diagnostyka alternator\u00f3w<\/li>\n<li>naprawy i diagnostyka rozrusznik\u00f3w<\/li>\n<li>naprawy zamk\u00f3w i stacyjek<\/li>\n<li>naprawy elektrycznych i manualnych mechanizm\u00f3w podnoszenia szyb<\/li>\n<li>naprawy uk\u0142ad\u00f3w abs, airbag itp.<\/li>\n<li>naprawy sterownik\u00f3w<\/li>\n<li>naprawy zamk\u00f3w centralnych<\/li>\n<li>naprawy szyberdach\u00f3w<\/li>\n<\/ul>\n<p><img decoding=\"async\" class=\"ngg-singlepic ngg-none aligncenter\" src=\"http:\/\/www.autoserwis-wieczorek.pl\/wp-content\/gallery\/glowna\/electric-948208_1920.jpg\" alt=\"electric-948208_1920\"><\/p>\n","protected":false},"excerpt":{"rendered":"<p>Elektryka i elektronika kt\u00f3ra znajduje si\u0119 w nowoczesnych pojazdach potrafi uniemo\u017cliwi\u0107 sprawne i bezpieczne poruszanie si\u0119 pojazdem. Pomimo \u017ce nie jeste\u015bmy zak\u0142adem elektormechaniki samochodowej \u015bwiadczymy us\u0142ugi w zakresie: alarmy, immobilisery i adaptacja kluczyk\u00f3w naprawy i diagnostyka alternator\u00f3w naprawy i diagnostyka rozrusznik\u00f3w naprawy zamk\u00f3w i stacyjek naprawy elektrycznych i manualnych mechanizm\u00f3w podnoszenia szyb naprawy uk\u0142ad\u00f3w abs, [&hellip;]<\/p>\n","protected":false},"author":1,"featured_media":0,"parent":0,"menu_order":0,"comment_status":"closed","ping_status":"closed","template":"","meta":{"ngg_post_thumbnail":0,"footnotes":""},"class_list":["post-68","page","type-page","status-publish","hentry"],"_links":{"self":[{"href":"https:\/\/www.autoserwis-wieczorek.pl\/index.php\/wp-json\/wp\/v2\/pages\/68","targetHints":{"allow":["GET"]}}],"collection":[{"href":"https:\/\/www.autoserwis-wieczorek.pl\/index.php\/wp-json\/wp\/v2\/pages"}],"about":[{"href":"https:\/\/www.autoserwis-wieczorek.pl\/index.php\/wp-json\/wp\/v2\/types\/page"}],"author":[{"embeddable":true,"href":"https:\/\/www.autoserwis-wieczorek.pl\/index.php\/wp-json\/wp\/v2\/users\/1"}],"replies":[{"embeddable":true,"href":"https:\/\/www.autoserwis-wieczorek.pl\/index.php\/wp-json\/wp\/v2\/comments?post=68"}],"version-history":[{"count":4,"href":"https:\/\/www.autoserwis-wieczorek.pl\/index.php\/wp-json\/wp\/v2\/pages\/68\/revisions"}],"predecessor-version":[{"id":187,"href":"https:\/\/www.autoserwis-wieczorek.pl\/index.php\/wp-json\/wp\/v2\/pages\/68\/revisions\/187"}],"wp:attachment":[{"href":"https:\/\/www.autoserwis-wieczorek.pl\/index.php\/wp-json\/wp\/v2\/media?parent=68"}],"curies":[{"name":"wp","href":"https:\/\/api.w.org\/{rel}","templated":true}]}}