{"id":62,"date":"2017-04-29T00:46:03","date_gmt":"2017-04-28T22:46:03","guid":{"rendered":"http:\/\/www.autoserwis-wieczorek.pl\/?page_id=62"},"modified":"2017-04-30T01:30:31","modified_gmt":"2017-04-29T23:30:31","slug":"serwis-klimatyzacji-i-uzupelnianie-czynnika","status":"publish","type":"page","link":"https:\/\/www.autoserwis-wieczorek.pl\/index.php\/serwis-klimatyzacji-i-uzupelnianie-czynnika\/","title":{"rendered":"serwis klimatyzacji i uzupe\u0142nianie czynnika"},"content":{"rendered":"<p>Stosowane przez nas stacje do obs\u0142ugi klimatyzacji zosta\u0142y skonstruowane w odpowiedzi na aktualne wymagania europejskich specjalist\u00f3w A\/C.<\/p>\n<p>Urz\u0105dzenia stosowane przez nas pracuje w trybach: manualnym lub automatycznym, dzi\u0119ki czemu mamy w pe\u0142ni kontrol\u0119 nad ca\u0142ym procesem obs\u0142ugi.<\/p>\n<p>Umo\u017cliwiaj\u0105 odzyskiwanie, regeneracj\u0119 i nape\u0142nianie czynnika R134a.<\/p>\n<p>G\u0142\u00f3wne cechy:<\/p>\n<ul>\n<li>Urz\u0105dzenie uniwersalne: Stacje obs\u0142uguj\u0105 pe\u0142n\u0105 gam\u0105 pojazd\u00f3w wyposa\u017conych w A\/C.<\/li>\n<li>Wydajna pompa pr\u00f3\u017cniowa- Dzi\u0119ki najbardziej wydajnej na rynku pompie pr\u00f3\u017cniowej (180 l\/min) mo\u017cna wykona\u0107 obs\u0142ug\u0119 szybciej i efektywniej. G\u0142\u00f3wn\u0105 zalet\u0105 wydajnej pompy jest mo\u017cliwo\u015b\u0107 dok\u0142adnego oczyszczenia uk\u0142adu z wilgoci, stanowi\u0105cej najwi\u0119ksze zagro\u017cenie dla trwa\u0142o\u015bci komponent\u00f3w A\/C.<\/li>\n<li>Baza danych: Zawiera dane ponad 3300 modeli samochod\u00f3w osobowych i dostawczych, pozwalaj\u0105c na szybkie wykonanie us\u0142ugi. Dane zawieraj\u0105 informacje na temat ilo\u015bci czynnika, rodzaju oraz ilo\u015bci oleju w ca\u0142ym uk\u0142adzie oraz w poszczeg\u00f3lnych elementach sk\u0142adowych. U\u017cytkownik ma mo\u017cliwo\u015b\u0107 stworzenia w\u0142asnej bazy danych.<\/li>\n<li>Diagnostyka Program, kt\u00f3ry pozwala na podstawie wprowadzonych danych: temperatury otoczenia, warto\u015bci ci\u015bnienia oraz temperatury nawiewu, okre\u015bli\u0107 prawid\u0142owo\u015b\u0107 dzia\u0142ania klimatyzacji lub pom\u00f3c okre\u015bli\u0107 rodzaj usterki i spos\u00f3b rozwi\u0105zania problemu.<\/li>\n<\/ul>\n<p><img decoding=\"async\" class=\"ngg-singlepic ngg-none aligncenter\" src=\"http:\/\/www.autoserwis-wieczorek.pl\/wp-content\/gallery\/glowna\/car-1393804_1920.jpg\" alt=\"car-1393804_1920\"><\/p>\n","protected":false},"excerpt":{"rendered":"<p>Stosowane przez nas stacje do obs\u0142ugi klimatyzacji zosta\u0142y skonstruowane w odpowiedzi na aktualne wymagania europejskich specjalist\u00f3w A\/C. Urz\u0105dzenia stosowane przez nas pracuje w trybach: manualnym lub automatycznym, dzi\u0119ki czemu mamy w pe\u0142ni kontrol\u0119 nad ca\u0142ym procesem obs\u0142ugi. Umo\u017cliwiaj\u0105 odzyskiwanie, regeneracj\u0119 i nape\u0142nianie czynnika R134a. G\u0142\u00f3wne cechy: Urz\u0105dzenie uniwersalne: Stacje obs\u0142uguj\u0105 pe\u0142n\u0105 gam\u0105 pojazd\u00f3w wyposa\u017conych w [&hellip;]<\/p>\n","protected":false},"author":1,"featured_media":0,"parent":0,"menu_order":0,"comment_status":"closed","ping_status":"closed","template":"","meta":{"ngg_post_thumbnail":0,"footnotes":""},"class_list":["post-62","page","type-page","status-publish","hentry"],"_links":{"self":[{"href":"https:\/\/www.autoserwis-wieczorek.pl\/index.php\/wp-json\/wp\/v2\/pages\/62","targetHints":{"allow":["GET"]}}],"collection":[{"href":"https:\/\/www.autoserwis-wieczorek.pl\/index.php\/wp-json\/wp\/v2\/pages"}],"about":[{"href":"https:\/\/www.autoserwis-wieczorek.pl\/index.php\/wp-json\/wp\/v2\/types\/page"}],"author":[{"embeddable":true,"href":"https:\/\/www.autoserwis-wieczorek.pl\/index.php\/wp-json\/wp\/v2\/users\/1"}],"replies":[{"embeddable":true,"href":"https:\/\/www.autoserwis-wieczorek.pl\/index.php\/wp-json\/wp\/v2\/comments?post=62"}],"version-history":[{"count":4,"href":"https:\/\/www.autoserwis-wieczorek.pl\/index.php\/wp-json\/wp\/v2\/pages\/62\/revisions"}],"predecessor-version":[{"id":198,"href":"https:\/\/www.autoserwis-wieczorek.pl\/index.php\/wp-json\/wp\/v2\/pages\/62\/revisions\/198"}],"wp:attachment":[{"href":"https:\/\/www.autoserwis-wieczorek.pl\/index.php\/wp-json\/wp\/v2\/media?parent=62"}],"curies":[{"name":"wp","href":"https:\/\/api.w.org\/{rel}","templated":true}]}}