{"id":237,"date":"2017-05-30T22:12:57","date_gmt":"2017-05-30T20:12:57","guid":{"rendered":"http:\/\/www.autoserwis-wieczorek.pl\/?page_id=237"},"modified":"2020-09-22T21:02:45","modified_gmt":"2020-09-22T19:02:45","slug":"galeria","status":"publish","type":"page","link":"https:\/\/www.autoserwis-wieczorek.pl\/index.php\/galeria\/","title":{"rendered":"Galeria"},"content":{"rendered":"<p style=\"text-align: left;\">Poni\u017cej kilka zdj\u0119\u0107 z naszego warsztatu \ud83d\ude42<\/p>\nngg_shortcode_0_placeholder\n","protected":false},"excerpt":{"rendered":"<p>Poni\u017cej kilka zdj\u0119\u0107 z naszego warsztatu \ud83d\ude42 &#8221; order_by=&#8221;sortorder&#8221; order_direction=&#8221;ASC&#8221; returns=&#8221;included&#8221; maximum_entity_count=&#8221;500&#8243;]<\/p>\n","protected":false},"author":1,"featured_media":0,"parent":0,"menu_order":0,"comment_status":"closed","ping_status":"closed","template":"","meta":{"ngg_post_thumbnail":0,"footnotes":""},"class_list":["post-237","page","type-page","status-publish","hentry"],"_links":{"self":[{"href":"https:\/\/www.autoserwis-wieczorek.pl\/index.php\/wp-json\/wp\/v2\/pages\/237","targetHints":{"allow":["GET"]}}],"collection":[{"href":"https:\/\/www.autoserwis-wieczorek.pl\/index.php\/wp-json\/wp\/v2\/pages"}],"about":[{"href":"https:\/\/www.autoserwis-wieczorek.pl\/index.php\/wp-json\/wp\/v2\/types\/page"}],"author":[{"embeddable":true,"href":"https:\/\/www.autoserwis-wieczorek.pl\/index.php\/wp-json\/wp\/v2\/users\/1"}],"replies":[{"embeddable":true,"href":"https:\/\/www.autoserwis-wieczorek.pl\/index.php\/wp-json\/wp\/v2\/comments?post=237"}],"version-history":[{"count":7,"href":"https:\/\/www.autoserwis-wieczorek.pl\/index.php\/wp-json\/wp\/v2\/pages\/237\/revisions"}],"predecessor-version":[{"id":286,"href":"https:\/\/www.autoserwis-wieczorek.pl\/index.php\/wp-json\/wp\/v2\/pages\/237\/revisions\/286"}],"wp:attachment":[{"href":"https:\/\/www.autoserwis-wieczorek.pl\/index.php\/wp-json\/wp\/v2\/media?parent=237"}],"curies":[{"name":"wp","href":"https:\/\/api.w.org\/{rel}","templated":true}]}}